{"id":2516,"date":"2025-11-04T15:02:30","date_gmt":"2025-11-04T15:02:30","guid":{"rendered":"https:\/\/sites.generatepress.com\/craft\/?page_id=73"},"modified":"2026-04-17T07:51:55","modified_gmt":"2026-04-17T07:51:55","slug":"hakkimizda","status":"publish","type":"page","link":"https:\/\/touchskinlab.com\/?page_id=2516","title":{"rendered":"Hakk\u0131m\u0131zda"},"content":{"rendered":"\n<div>\n<div>\n<section class=\"gb-element-7cb2ca09\" style=\"--inline-bg-image: url(https:\/\/touchskinlab.com\/wp-content\/uploads\/2026\/04\/ChatGPT-Image-17-Nis-2026-10_37_51.webp)\">\n<span class=\"gb-shape gb-shape-8573ae7e gb-shape--divider\"><svg xmlns=\"http:\/\/www.w3.org\/2000\/svg\" viewBox=\"0 0 1200 176\" preserveAspectRatio=\"none\"><path d=\"M0 176h1200V14L800 88 400 0 0 156z\"><\/path><\/svg><\/span>\n\n\n\n<div class=\"gb-element-8ef53ce2\">\n<span class=\"gb-text gb-text-dac61dd3\">hakk\u0131m\u0131zda<\/span>\n\n\n\n<h1 class=\"gb-text gb-text-4072e86c\"><strong>Touch Skin <\/strong><\/h1>\n\n\n\n<h1 class=\"gb-text gb-text-c8800f3c\"><em>Dermatolojik Test Hizmetleri<\/em><\/h1>\n\n\n\n<p class=\"gb-text gb-text-b83dcfa7\"><strong>TouchSkin Lab olarak, dermatolojik test s\u00fcre\u00e7lerini bilimsel do\u011fruluk ve g\u00fcvenilirlik temelinde y\u00f6netiyoruz. \u00dcr\u00fcnlerinizin cilt ile uyumlulu\u011funu analiz ederek, markan\u0131z\u0131n g\u00fcvenle b\u00fcy\u00fcmesine katk\u0131 sa\u011fl\u0131yoruz.<\/strong><\/p>\n<\/div>\n<\/section>\n<\/div>\n<\/div>\n\n\n\n<section class=\"gb-element-f73144ea\">\n<div class=\"gb-element-15630f72\">\n<div class=\"gb-element-2902d37e\">\n<div class=\"gb-element-7b974e54\">\n<div class=\"gb-element-3076d6c9\">\n<span class=\"gb-text gb-text-3579951c\">Est. 2021<\/span>\n\n\n\n<div class=\"gb-element-812faf50\"><\/div>\n<\/div>\n<\/div>\n\n\n\n<div class=\"gb-element-e1d2c878\">\n<h2 class=\"gb-text\">Hakk\u0131m\u0131zda<\/h2>\n\n\n\n<p class=\"gb-text\">TouchSkin Lab, kozmetik, bebek ve cilt ile temas eden \u00fcr\u00fcnler i\u00e7in dermatolojik test ve analiz hizmetleri sunan, bilimsel yakla\u015f\u0131m\u0131 merkezine alan bir \u00e7\u00f6z\u00fcm orta\u011f\u0131d\u0131r.<br><br>Amac\u0131m\u0131z, markalar\u0131n \u00fcr\u00fcnlerini g\u00fcvenle pazara sunabilmesi i\u00e7in gerekli t\u00fcm test s\u00fcre\u00e7lerini uluslararas\u0131 standartlara uygun, h\u0131zl\u0131 ve \u015feffaf bir \u015fekilde y\u00f6netmektir.<br><br>Alan\u0131nda uzman ekibimiz ve Avrupa akreditasyonlar\u0131na sahip laboratuvar i\u015f birliklerimiz sayesinde; \u00fcr\u00fcnlerinizin cilt ile uyumlulu\u011funu, irritasyon ve alerji potansiyelini en do\u011fru y\u00f6ntemlerle de\u011ferlendiriyoruz. Patch Test, HRIPT ve Sensitive Skin Test ba\u015fta olmak \u00fczere bir\u00e7ok dermatolojik analiz ile \u00fcr\u00fcnlerinizin g\u00fcvenilirli\u011fini bilimsel verilerle destekliyoruz.<br><br>TouchSkin Lab olarak, yaln\u0131zca test hizmeti sunmakla kalmaz; ayn\u0131 zamanda markan\u0131z\u0131n hem yerel hem de global pazarlarda g\u00fc\u00e7l\u00fc, g\u00fcvenilir ve reg\u00fclasyonlara tam uyumlu bir \u015fekilde konumlanmas\u0131na katk\u0131 sa\u011flar\u0131z.<br><br>G\u00fcvenilirlik, \u015feffafl\u0131k ve bilimsel do\u011fruluk ilkeleriyle, markan\u0131z\u0131n en g\u00fc\u00e7l\u00fc destek\u00e7ilerinden biri olmay\u0131 hedefliyoruz.<\/p>\n\n\n\n<div class=\"gb-element-26a8bb6c\">\n<h3 class=\"gb-text\">Felsefemiz<\/h3>\n\n\n\n<p class=\"gb-text gb-text-86ee625c\"><em>TouchSkin Lab olarak felsefemiz; bilimselli\u011fi, g\u00fcvenilirli\u011fi ve \u015feffafl\u0131\u011f\u0131 her s\u00fcrecin merkezine koymakt\u0131r.<br>Cilt ile temas eden her \u00fcr\u00fcn\u00fcn insan sa\u011fl\u0131\u011f\u0131 \u00fczerinde do\u011frudan etkisi oldu\u011funun bilinciyle hareket ediyor, ger\u00e7ekle\u015ftirdi\u011fimiz t\u00fcm test ve analizleri en y\u00fcksek kalite standartlar\u0131na uygun \u015fekilde y\u00fcr\u00fct\u00fcyoruz.<br>Amac\u0131m\u0131z yaln\u0131zca sonu\u00e7 \u00fcretmek de\u011fil; markalara g\u00fcven veren, s\u00fcrd\u00fcr\u00fclebilir ve uluslararas\u0131 reg\u00fclasyonlara uyumlu \u00e7\u00f6z\u00fcmler sunmakt\u0131r. Bu do\u011frultuda, her projeye titizlikle yakla\u015f\u0131r, veriye dayal\u0131 de\u011ferlendirmelerle markalar\u0131m\u0131z\u0131n do\u011fru ve g\u00fc\u00e7l\u00fc kararlar almas\u0131na katk\u0131 sa\u011flar\u0131z.<br>TouchSkin Lab i\u00e7in g\u00fcven, sadece bir sonu\u00e7 de\u011fil; s\u00fcrecin tamam\u0131na yay\u0131lan bir sorumluluktur.<\/em><\/p>\n<\/div>\n\n\n\n<h3 class=\"gb-text\">Bizimle Hangi Hizmetlere Ula\u015fabilirsiniz ?<\/h3>\n\n\n\n<div class=\"gb-element-58529d5e\">\n<div class=\"gb-element-94583162\">\n<h4 class=\"gb-text-56cdb6ba\"><span class=\"gb-shape\"><svg aria-hidden=\"true\" role=\"img\" height=\"1em\" width=\"1em\" viewBox=\"0 0 512 512\" xmlns=\"http:\/\/www.w3.org\/2000\/svg\"><path fill=\"currentColor\" d=\"M462.3 62.6C407.5 15.9 326 24.3 275.7 76.2L256 96.5l-19.7-20.3C186.1 24.3 104.5 15.9 49.7 62.6c-62.8 53.6-66.1 149.8-9.9 207.9l193.5 199.8c12.5 12.9 32.8 12.9 45.3 0l193.5-199.8c56.3-58.1 53-154.3-9.8-207.9z\"><\/path><\/svg><\/span><span class=\"gb-text\">Kozmetik ve Makyaj<br>\u00dcr\u00fcnleri<\/span><\/h4>\n\n\n\n<p class=\"gb-text gb-text-2f7f68b9\">Kozmetik ve makyaj \u00fcr\u00fcnlerinizin cilt ile uyumlulu\u011funu bilimsel y\u00f6ntemlerle de\u011ferlendiriyoruz. G\u00fcvenli kullan\u0131m i\u00e7in irritasyon ve alerji potansiyelini uluslararas\u0131 standartlara g\u00f6re analiz ediyoruz.<\/p>\n<\/div>\n\n\n\n<div class=\"gb-element-0ae77ab0\">\n<h4 class=\"gb-text-260ffeb3\"><span class=\"gb-shape\"><svg aria-hidden=\"true\" role=\"img\" height=\"1em\" width=\"1em\" viewBox=\"0 0 512 512\" xmlns=\"http:\/\/www.w3.org\/2000\/svg\"><path fill=\"currentColor\" d=\"M462.3 62.6C407.5 15.9 326 24.3 275.7 76.2L256 96.5l-19.7-20.3C186.1 24.3 104.5 15.9 49.7 62.6c-62.8 53.6-66.1 149.8-9.9 207.9l193.5 199.8c12.5 12.9 32.8 12.9 45.3 0l193.5-199.8c56.3-58.1 53-154.3-9.8-207.9z\"><\/path><\/svg><\/span><span class=\"gb-text\">Bebek ve Hassas Cilt \u00dcr\u00fcnleri<\/span><\/h4>\n\n\n\n<p class=\"gb-text gb-text-c47a2ef0\">Bebek ve hassas ciltlere \u00f6zel \u00fcr\u00fcnler i\u00e7in y\u00fcksek hassasiyetli dermatolojik testler uyguluyoruz. \u00dcr\u00fcnlerinizin nazik ciltler \u00fczerindeki etkisini g\u00fcvenilir verilerle ortaya koyuyoruz.<\/p>\n<\/div>\n\n\n\n<div class=\"gb-element-8097a47d\">\n<h4 class=\"gb-text-61fb40b4\"><span class=\"gb-shape\"><svg aria-hidden=\"true\" role=\"img\" height=\"1em\" width=\"1em\" viewBox=\"0 0 512 512\" xmlns=\"http:\/\/www.w3.org\/2000\/svg\"><path fill=\"currentColor\" d=\"M462.3 62.6C407.5 15.9 326 24.3 275.7 76.2L256 96.5l-19.7-20.3C186.1 24.3 104.5 15.9 49.7 62.6c-62.8 53.6-66.1 149.8-9.9 207.9l193.5 199.8c12.5 12.9 32.8 12.9 45.3 0l193.5-199.8c56.3-58.1 53-154.3-9.8-207.9z\"><\/path><\/svg><\/span><span class=\"gb-text\">Medikal ve Klinik \u00dcr\u00fcnler<\/span><\/h4>\n\n\n\n<p class=\"gb-text gb-text-3f87e272\">Medikal ve klinik form\u00fclasyonlar i\u00e7in kapsaml\u0131 dermatolojik de\u011ferlendirmeler sunuyoruz. \u00dcr\u00fcnlerinizin g\u00fcvenlik ve tolerans profili bilimsel analizlerle desteklenir.<\/p>\n<\/div>\n\n\n\n<div class=\"gb-element-30059146\">\n<h4 class=\"gb-text-a9f8fe5d\"><span class=\"gb-shape\"><svg aria-hidden=\"true\" role=\"img\" height=\"1em\" width=\"1em\" viewBox=\"0 0 512 512\" xmlns=\"http:\/\/www.w3.org\/2000\/svg\"><path fill=\"currentColor\" d=\"M462.3 62.6C407.5 15.9 326 24.3 275.7 76.2L256 96.5l-19.7-20.3C186.1 24.3 104.5 15.9 49.7 62.6c-62.8 53.6-66.1 149.8-9.9 207.9l193.5 199.8c12.5 12.9 32.8 12.9 45.3 0l193.5-199.8c56.3-58.1 53-154.3-9.8-207.9z\"><\/path><\/svg><\/span><span class=\"gb-text\">Tekstil \u00dcr\u00fcnleri<\/span><\/h4>\n\n\n\n<p class=\"gb-text gb-text-810ba88b\">Cilt ile temas eden tekstil \u00fcr\u00fcnlerinin dermatolojik uygunlu\u011funu test ediyoruz. Kuma\u015f ve i\u00e7eriklerin cilt \u00fczerinde olu\u015fturabilece\u011fi reaksiyonlar\u0131 detayl\u0131 \u015fekilde analiz ediyoruz.<\/p>\n<\/div>\n\n\n\n<div class=\"gb-element-c9d150a5\">\n<h4 class=\"gb-text-4f61b0b5\"><span class=\"gb-shape\"><svg aria-hidden=\"true\" role=\"img\" height=\"1em\" width=\"1em\" viewBox=\"0 0 512 512\" xmlns=\"http:\/\/www.w3.org\/2000\/svg\"><path fill=\"currentColor\" d=\"M462.3 62.6C407.5 15.9 326 24.3 275.7 76.2L256 96.5l-19.7-20.3C186.1 24.3 104.5 15.9 49.7 62.6c-62.8 53.6-66.1 149.8-9.9 207.9l193.5 199.8c12.5 12.9 32.8 12.9 45.3 0l193.5-199.8c56.3-58.1 53-154.3-9.8-207.9z\"><\/path><\/svg><\/span><span class=\"gb-text\">G\u00fcnl\u00fck Kullan\u0131m \u00dcr\u00fcnleri<\/span><\/h4>\n\n\n\n<p class=\"gb-text gb-text-9ae5ce4e\">Sabun, \u015fampuan ve benzeri g\u00fcnl\u00fck kullan\u0131m \u00fcr\u00fcnlerinin cilt uyumlulu\u011funu de\u011ferlendiriyoruz. D\u00fczenli kullan\u0131mda olu\u015fabilecek etkileri bilimsel testlerle analiz ediyoruz.<\/p>\n<\/div>\n\n\n\n<div class=\"gb-element-a43c446f\">\n<h4 class=\"gb-text-db8b695e\"><span class=\"gb-shape\"><svg aria-hidden=\"true\" role=\"img\" height=\"1em\" width=\"1em\" viewBox=\"0 0 512 512\" xmlns=\"http:\/\/www.w3.org\/2000\/svg\"><path fill=\"currentColor\" d=\"M462.3 62.6C407.5 15.9 326 24.3 275.7 76.2L256 96.5l-19.7-20.3C186.1 24.3 104.5 15.9 49.7 62.6c-62.8 53.6-66.1 149.8-9.9 207.9l193.5 199.8c12.5 12.9 32.8 12.9 45.3 0l193.5-199.8c56.3-58.1 53-154.3-9.8-207.9z\"><\/path><\/svg><\/span><span class=\"gb-text\">Mikrobiyoloji ve Challange Test<\/span><\/h4>\n\n\n\n<p class=\"gb-text gb-text-8fe5ceed\">\u00dcr\u00fcnlerinizin mikrobiyolojik stabilitesini ve koruyucu etkinli\u011fini test ediyoruz. Challenge test ile form\u00fcl\u00fcn\u00fcz\u00fcn g\u00fcvenli\u011fini ve raf \u00f6mr\u00fcn\u00fc do\u011fruluyoruz.<\/p>\n<\/div>\n<\/div>\n<\/div>\n<\/div>\n<\/div>\n<\/section>\n\n\n\n<section class=\"gb-element-cd80db1f\">\n<div class=\"gb-element-2c923390\">\n<h2 class=\"gb-text gb-text-e0779456\"><strong>Okuyucuya Not<\/strong><\/h2>\n\n\n\n<p class=\"gb-text gb-text-e682b3fd\">TouchSkin Lab olarak sundu\u011fumuz t\u00fcm i\u00e7erikler, dermatolojik test s\u00fcre\u00e7leri ve \u00fcr\u00fcn g\u00fcvenli\u011fi konusunda do\u011fru ve g\u00fcvenilir bilgi sa\u011flamak amac\u0131yla haz\u0131rlanm\u0131\u015ft\u0131r.<br>T\u00fcm analizler uluslararas\u0131 standartlara uygun \u015fekilde ger\u00e7ekle\u015ftirilmekte olup, markan\u0131z\u0131n g\u00fcvenilirli\u011fini destekleyecek bilimsel verilere dayanmaktad\u0131r.<\/p>\n\n\n\n<a class=\"gb-text-fd8b1d27\" href=\"https:\/\/sites.generatepress.com\/craft\/contact\/\"><span class=\"gb-text\">ileti\u015fime ge\u00e7<\/span><span class=\"gb-shape\"><svg xmlns=\"http:\/\/www.w3.org\/2000\/svg\" fill=\"none\" viewBox=\"0 0 24 24\"><path fill=\"currentColor\" fill-rule=\"evenodd\" d=\"M12.293 4.293a1 1 0 0 1 1.414 0l7 7a1 1 0 0 1 0 1.414l-7 7a1 1 0 0 1-1.414-1.414L17.586 13H4a1 1 0 1 1 0-2h13.586l-5.293-5.293a1 1 0 0 1 0-1.414Z\" clip-rule=\"evenodd\"><\/path><\/svg><\/span><\/a>\n<\/div>\n<\/section>\n\n\n\n<p><\/p>\n","protected":false},"excerpt":{"rendered":"<p>hakk\u0131m\u0131zda Touch Skin Dermatolojik Test Hizmetleri TouchSkin Lab olarak, dermatolojik test s\u00fcre\u00e7lerini bilimsel do\u011fruluk ve g\u00fcvenilirlik temelinde y\u00f6netiyoruz. \u00dcr\u00fcnlerinizin cilt ile uyumlulu\u011funu analiz ederek, markan\u0131z\u0131n g\u00fcvenle b\u00fcy\u00fcmesine katk\u0131 sa\u011fl\u0131yoruz. Est. 2021 Hakk\u0131m\u0131zda TouchSkin Lab, kozmetik, bebek ve cilt ile temas eden \u00fcr\u00fcnler i\u00e7in dermatolojik test ve analiz hizmetleri sunan, bilimsel yakla\u015f\u0131m\u0131 merkezine alan bir \u00e7\u00f6z\u00fcm &#8230; <a title=\"Hakk\u0131m\u0131zda\" class=\"read-more\" href=\"https:\/\/touchskinlab.com\/?page_id=2516\" aria-label=\"Read more about Hakk\u0131m\u0131zda\">Read more<\/a><\/p>\n","protected":false},"author":1,"featured_media":0,"parent":0,"menu_order":0,"comment_status":"closed","ping_status":"closed","template":"","meta":{"footnotes":""},"class_list":["post-2516","page","type-page","status-publish"],"_links":{"self":[{"href":"https:\/\/touchskinlab.com\/index.php?rest_route=\/wp\/v2\/pages\/2516","targetHints":{"allow":["GET"]}}],"collection":[{"href":"https:\/\/touchskinlab.com\/index.php?rest_route=\/wp\/v2\/pages"}],"about":[{"href":"https:\/\/touchskinlab.com\/index.php?rest_route=\/wp\/v2\/types\/page"}],"author":[{"embeddable":true,"href":"https:\/\/touchskinlab.com\/index.php?rest_route=\/wp\/v2\/users\/1"}],"replies":[{"embeddable":true,"href":"https:\/\/touchskinlab.com\/index.php?rest_route=%2Fwp%2Fv2%2Fcomments&post=2516"}],"version-history":[{"count":5,"href":"https:\/\/touchskinlab.com\/index.php?rest_route=\/wp\/v2\/pages\/2516\/revisions"}],"predecessor-version":[{"id":2632,"href":"https:\/\/touchskinlab.com\/index.php?rest_route=\/wp\/v2\/pages\/2516\/revisions\/2632"}],"wp:attachment":[{"href":"https:\/\/touchskinlab.com\/index.php?rest_route=%2Fwp%2Fv2%2Fmedia&parent=2516"}],"curies":[{"name":"wp","href":"https:\/\/api.w.org\/{rel}","templated":true}]}}